{"id":918,"date":"2023-10-18T23:09:12","date_gmt":"2023-10-18T20:09:12","guid":{"rendered":"https:\/\/fmr.arteiasi.ro\/?page_id=918"},"modified":"2023-10-20T19:58:06","modified_gmt":"2023-10-20T16:58:06","slug":"luni-23-octombrie-ora-19-seara-compozitorilor-ieseni","status":"publish","type":"page","link":"https:\/\/fmr.arteiasi.ro\/?page_id=918","title":{"rendered":"Luni, 23 octombrie, ora 19. Seara compozitorilor ie\u0219eni"},"content":{"rendered":"\n<figure class=\"wp-block-image size-large\"><a href=\"https:\/\/fmr.arteiasi.ro\/wp-content\/uploads\/2023\/10\/FMR-2023-Afis_23.10-19_Seara-compozitorilor-ieseni_C_P-scaled.jpg\"><img loading=\"lazy\" decoding=\"async\" width=\"724\" height=\"1024\" src=\"https:\/\/fmr.arteiasi.ro\/wp-content\/uploads\/2023\/10\/FMR-2023-Afis_23.10-19_Seara-compozitorilor-ieseni_C_P-724x1024.jpg\" alt=\"\" class=\"wp-image-1005\" srcset=\"https:\/\/fmr.arteiasi.ro\/wp-content\/uploads\/2023\/10\/FMR-2023-Afis_23.10-19_Seara-compozitorilor-ieseni_C_P-724x1024.jpg 724w, https:\/\/fmr.arteiasi.ro\/wp-content\/uploads\/2023\/10\/FMR-2023-Afis_23.10-19_Seara-compozitorilor-ieseni_C_P-212x300.jpg 212w, https:\/\/fmr.arteiasi.ro\/wp-content\/uploads\/2023\/10\/FMR-2023-Afis_23.10-19_Seara-compozitorilor-ieseni_C_P-768x1086.jpg 768w, https:\/\/fmr.arteiasi.ro\/wp-content\/uploads\/2023\/10\/FMR-2023-Afis_23.10-19_Seara-compozitorilor-ieseni_C_P-1086x1536.jpg 1086w, https:\/\/fmr.arteiasi.ro\/wp-content\/uploads\/2023\/10\/FMR-2023-Afis_23.10-19_Seara-compozitorilor-ieseni_C_P-1448x2048.jpg 1448w, https:\/\/fmr.arteiasi.ro\/wp-content\/uploads\/2023\/10\/FMR-2023-Afis_23.10-19_Seara-compozitorilor-ieseni_C_P-scaled.jpg 1810w\" sizes=\"auto, (max-width: 724px) 100vw, 724px\" \/><\/a><\/figure>\n\n\n\n<p class=\"has-large-font-size\"><strong><em>Seara compozitorilor ie<\/em><\/strong><strong><em>\u0219<\/em><\/strong><strong><em>eni<\/em><\/strong><\/p>\n\n\n\n<p>CONCERT VOCAL-INSTRUMENTAL<\/p>\n\n\n\n<p><strong>LUIZA ZAN<\/strong><strong>, mezzosopran\u0103<\/strong><\/p>\n\n\n\n<p><strong>GINA-MIHAELA PAVEL, pian<\/strong><\/p>\n\n\n\n<p>***<\/p>\n\n\n\n<p><strong>Corul <\/strong><strong><em>ALETHEIA<\/em><\/strong><strong><\/strong><\/p>\n\n\n\n<p><strong>Dirijor: <\/strong><strong>DORINA COM\u0102NESCU<\/strong><strong><\/strong><\/p>\n\n\n\n<p><strong>Prezint\u0103: <\/strong><strong>ALIONA PACIURCA<\/strong><strong><\/strong><\/p>\n\n\n\n<p><strong>Program:<\/strong><strong><\/strong><\/p>\n\n\n\n<p class=\"has-medium-font-size\"><strong>Partea I: <\/strong>Achim Stoia \u2013 lieduri pentru voce \u0219i pian <strong><\/strong><\/p>\n\n\n\n<p class=\"has-medium-font-size\"><strong>&nbsp;&nbsp;&nbsp;&nbsp;&nbsp;&nbsp;&nbsp;&nbsp;&nbsp;&nbsp;&nbsp;&nbsp;&nbsp;&nbsp;&nbsp;&nbsp;&nbsp;&nbsp;&nbsp;&nbsp;(<\/strong><strong>Luiza Zan &amp; Mihaela Pavel<\/strong><strong>)<\/strong><strong><\/strong><\/p>\n\n\n\n<p class=\"has-medium-font-size\"><em>Inscrip\u021bie<\/em> <\/p>\n\n\n\n<p><em>C\u00e2ntec de leag\u0103n (1937)<\/em><\/p>\n\n\n\n<p><em>C\u00e2ntec de leag\u0103n (1939)<\/em><\/p>\n\n\n\n<p><em>Mama mea<\/em><\/p>\n\n\n\n<p><em>A venit un lup din cr\u00e2ng<\/em><\/p>\n\n\n\n<p><em>Z\u0103pad\u0103<\/em><\/p>\n\n\n\n<p><em>C\u00e2nd treci, bade, pe la noi?<\/em><\/p>\n\n\n\n<p><em>Cine n-are dor pe vale<\/em><\/p>\n\n\n\n<p><em>M\u00e2i b\u0103rbate, fii cuminte<\/em><\/p>\n\n\n\n<p><strong>Partea a II-a:<\/strong>&nbsp;Lucr\u0103ri ale compozitorilor ie\u0219eni contemporani<\/p>\n\n\n\n<p><strong>&nbsp;&nbsp;&nbsp;&nbsp;&nbsp;&nbsp;&nbsp;&nbsp;&nbsp;&nbsp;&nbsp;&nbsp;&nbsp;&nbsp;&nbsp;&nbsp;&nbsp;&nbsp;&nbsp;&nbsp;&nbsp;&nbsp;&nbsp;&nbsp;(<\/strong><strong>Corul <\/strong><strong><em>Aletheia<\/em><\/strong><strong>)<\/strong><\/p>\n\n\n\n<ol class=\"wp-block-list\" type=\"1\">\n<li><strong>Viorel Munteanu, <\/strong><em>Rug\u0103ciune<\/em>, solo <strong>ANTONIA CUCERENCO<\/strong><strong><\/strong><\/li>\n\n\n\n<li><strong>Alexandru Semeniuc<\/strong>,<em>&nbsp;Pre Tine Te l\u0103ud\u0103m<\/em><\/li>\n\n\n\n<li><strong>Mihaela Spulber<\/strong><strong><em><strong>, <\/strong><\/em><\/strong><em>Tat\u0103l nostru<\/em>, solo <strong>ANTONIA CUCERENCO<\/strong><strong><\/strong><\/li>\n\n\n\n<li><strong>Vasile Sp\u0103t\u0103relu, <\/strong><strong><em><strong>Floare albastr\u0103<\/strong><\/em><\/strong><strong>,<\/strong>&nbsp;solo <strong>ANA-MARIA ALEXA<\/strong><strong><\/strong><\/li>\n\n\n\n<li><strong>Ciprian Ion<\/strong>, <em>Dac\u0103<\/em>, solo <strong>ANTONIA CUCERENCO<\/strong><strong><\/strong><\/li>\n\n\n\n<li><strong>Iustina Nedelcu-Chiuariu<\/strong>,<strong><em>&nbsp;<\/em><\/strong><em>\u0218i-au plecat olteni la coas\u0103<\/em><\/li>\n\n\n\n<li><strong>Sandu Banta\u0219,<\/strong><strong><em>&nbsp;<\/em><\/strong><em>Ilie\u2019s lullaby<\/em>&nbsp;<\/li>\n\n\n\n<li><strong>Mihaela Spulber,<\/strong><strong><em><strong>&nbsp;<\/strong><\/em><\/strong><em>De S\u00e2nziene<\/em>,&nbsp;solo <strong>MIHAELA SPULBER<\/strong><strong><\/strong><\/li>\n\n\n\n<li><strong>Sandu Banta\u0219, <\/strong><em>B\u0103tr\u00e2neasca and songs<\/em>,&nbsp;percu\u021bie <strong>IULIAN FODOR<\/strong><\/li>\n<\/ol>\n\n\n\n<p><\/p>\n","protected":false},"excerpt":{"rendered":"<p>Seara compozitorilor ie\u0219eni CONCERT VOCAL-INSTRUMENTAL LUIZA ZAN, mezzosopran\u0103 GINA-MIHAELA PAVEL, pian *** Corul ALETHEIA Dirijor: DORINA COM\u0102NESCU Prezint\u0103: ALIONA PACIURCA Program: Partea I: Achim Stoia \u2013 lieduri pentru voce \u0219i pian &nbsp;&nbsp;&nbsp;&nbsp;&nbsp;&nbsp;&nbsp;&nbsp;&nbsp;&nbsp;&nbsp;&nbsp;&nbsp;&nbsp;&nbsp;&nbsp;&nbsp;&nbsp;&nbsp;&nbsp;(Luiza Zan &amp; Mihaela Pavel) Inscrip\u021bie C\u00e2ntec de leag\u0103n (1937) C\u00e2ntec de leag\u0103n (1939) Mama mea A venit un lup din cr\u00e2ng Z\u0103pad\u0103 C\u00e2nd [&hellip;]<\/p>\n","protected":false},"author":3,"featured_media":0,"parent":0,"menu_order":0,"comment_status":"closed","ping_status":"closed","template":"","meta":{"footnotes":""},"class_list":["post-918","page","type-page","status-publish","hentry"],"_links":{"self":[{"href":"https:\/\/fmr.arteiasi.ro\/index.php?rest_route=\/wp\/v2\/pages\/918","targetHints":{"allow":["GET"]}}],"collection":[{"href":"https:\/\/fmr.arteiasi.ro\/index.php?rest_route=\/wp\/v2\/pages"}],"about":[{"href":"https:\/\/fmr.arteiasi.ro\/index.php?rest_route=\/wp\/v2\/types\/page"}],"author":[{"embeddable":true,"href":"https:\/\/fmr.arteiasi.ro\/index.php?rest_route=\/wp\/v2\/users\/3"}],"replies":[{"embeddable":true,"href":"https:\/\/fmr.arteiasi.ro\/index.php?rest_route=%2Fwp%2Fv2%2Fcomments&post=918"}],"version-history":[{"count":3,"href":"https:\/\/fmr.arteiasi.ro\/index.php?rest_route=\/wp\/v2\/pages\/918\/revisions"}],"predecessor-version":[{"id":1007,"href":"https:\/\/fmr.arteiasi.ro\/index.php?rest_route=\/wp\/v2\/pages\/918\/revisions\/1007"}],"wp:attachment":[{"href":"https:\/\/fmr.arteiasi.ro\/index.php?rest_route=%2Fwp%2Fv2%2Fmedia&parent=918"}],"curies":[{"name":"wp","href":"https:\/\/api.w.org\/{rel}","templated":true}]}}