{"id":9,"date":"2012-10-10T14:05:05","date_gmt":"2012-10-10T14:05:05","guid":{"rendered":"http:\/\/beldie.com\/fmr\/?page_id=9"},"modified":"2025-10-11T18:20:08","modified_gmt":"2025-10-11T15:20:08","slug":"festivalul-muzicii-romanesti","status":"publish","type":"page","link":"https:\/\/fmr.arteiasi.ro\/","title":{"rendered":""},"content":{"rendered":"\n<figure class=\"wp-block-image size-large\"><a href=\"https:\/\/fmr.arteiasi.ro\/wp-content\/uploads\/2025\/10\/Afisul-semnal-principal-FMR-2025-format-4.3-1-1.jpg\"><img loading=\"lazy\" decoding=\"async\" width=\"768\" height=\"1024\" src=\"https:\/\/fmr.arteiasi.ro\/wp-content\/uploads\/2025\/10\/Afisul-semnal-principal-FMR-2025-format-4.3-1-1-768x1024.jpg\" alt=\"\" class=\"wp-image-1296\" srcset=\"https:\/\/fmr.arteiasi.ro\/wp-content\/uploads\/2025\/10\/Afisul-semnal-principal-FMR-2025-format-4.3-1-1-768x1024.jpg 768w, https:\/\/fmr.arteiasi.ro\/wp-content\/uploads\/2025\/10\/Afisul-semnal-principal-FMR-2025-format-4.3-1-1-225x300.jpg 225w, https:\/\/fmr.arteiasi.ro\/wp-content\/uploads\/2025\/10\/Afisul-semnal-principal-FMR-2025-format-4.3-1-1.jpg 1080w\" sizes=\"auto, (max-width: 768px) 100vw, 768px\" \/><\/a><\/figure>\n\n\n\n<p>\u00cen perioada 13-17 octombrie 2025 se desf\u0103\u0219oar\u0103 la Ia\u0219i Festivalul Muzicii Rom\u00e2ne\u0219ti, edi\u021bia cu num\u0103rul XXVII, organizat de Filarmonica de Stat \u201eMoldova\u201d Ia\u0219i, \u00een parteneriat cu Universitatea Na\u021bional\u0103 de Arte \u201eGeorge Enescu\u201d \u0219i Uniunea Compozitorilor \u0219i Muzicologilor din Rom\u00e2nia. Festivalul Muzicii Rom\u00e2ne\u0219ti a devenit \u00eentr-o jum\u0103tate de secol un eveniment emblematic pentru lumea muzical\u0103 rom\u00e2neasc\u0103, fiecare edi\u021bie av\u00e2nd un caracter inedit datorit\u0103 diversit\u0103\u021bii genurilor sau stilurilor abordate \u0219i a integr\u0103rii unor compozi\u021bii noi, dar \u0219i tradi\u021bionale, intrate deja \u00een repertoriul interpre\u021bilor.<\/p>\n\n\n\n<p>Edi\u021bia din acest an propune publicului crea\u021bii moderne \u0219i contemporane, apar\u021bin\u00e2nd deopotriv\u0103 tinerilor compozitori \u0219i genera\u021biilor de muzicieni maturi \u0219i, de asemenea, personalit\u0103\u021bilor consacrate ale culturii muzicale rom\u00e2ne\u0219ti din secolele XIX-XX. Cuprinz\u00e2nd genuri diverse, de la muzica vocal\u0103, instrumental\u0103 \u0219i coral\u0103, p\u00e2n\u0103 la cea simfonic\u0103, de la lucr\u0103ri cunoscute din repertoriul muzicii rom\u00e2ne\u0219ti, p\u00e2n\u0103 la crea\u021bii de avangard\u0103, actuala edi\u021bie a festivalului are un caracter aniversar, Universitatea Na\u021bional\u0103 de Arte \u201eGeorge Enescu\u201d din Ia\u0219i s\u0103rb\u0103torind 165 de ani de la \u00eenfiin\u021bare. \u00cen onoarea acestui eveniment, o multitudine de concerte vor fi dedicate compozitorilor \u0219i arti\u0219tilor ie\u0219eni, care au contribuit la afirmarea acestei institu\u021bii \u2013 George Enescu, Vasile Sp\u0103t\u0103relu, Achim Stoia, Cristian Misievici, Sabin Pautza, Viorel Munteanu, Leonard Dumitriu \u0219.a.<\/p>\n\n\n\n<p>Pe parcursul celor cinci zile de festival, publicul va avea ocazia s\u0103 descopere muzicienii noilor genera\u021bii (Ansamblurile de muzic\u0103 contemporan\u0103 <em>TimbrIS<\/em>, <em>Bucharest Percussion Ensemble<\/em>, <em>Trio Atipic<\/em> etc.), s\u0103 asiste la fuziunea dintre jazz \u0219i muzica academic\u0103 (<em>In My Village Symphonic<\/em>, <em>Pamela.avi<\/em>) \u0219i la o serie de conferin\u021be dedicate muzicii rom\u00e2ne\u0219ti: <em>Colocviul de muzic\u0103 rom\u00e2neasc\u0103<\/em> (edi\u021bia a II-a) <em>\u201eMuzicieni de ieri \u0219i de ast\u0103zi. Profiluri, sinteze\u201d<\/em>; <em>Muzica saloanelor boiere\u0219ti din veacul XIX \u2013 Restitutio Carol Mikuli<\/em>. Mai mult dec\u00e2t at\u00e2t, va avea loc un&nbsp; eveniment special \u2013 <em>Divina Commedia 2.0<\/em>, sus\u021binut de <em>Duo<\/em> <em>Hesperus<\/em>, \u00een care cei doi chitari\u0219ti vor \u00eembina arta sonor\u0103 cu o experien\u021b\u0103 vizual\u0103 multimedia. Nu \u00een ultimul r\u00e2nd, vom putea audia numeroase recitaluri, concerte corale, camerale \u0219i simfonice.<\/p>\n\n\n\n<p>Calendarul edi\u021biei din acest an reune\u0219te diverse manifest\u0103ri cultural-artistice, care includ muzicieni interpre\u021bi, dirijori, compozitori, muzicologi din toat\u0103 \u021bara, cu scopul de a ne bucura \u00eempreun\u0103 de acest eveniment reprezentativ pentru mediul artistic ie\u0219ean, \u00eentr-o edi\u021bie aniversar\u0103.<\/p>\n\n\n\n<figure class=\"wp-block-image size-large\"><a href=\"https:\/\/fmr.arteiasi.ro\/wp-content\/uploads\/2025\/10\/calendar.1-1080x810-raport-4.3.jpg\"><img loading=\"lazy\" decoding=\"async\" width=\"768\" height=\"1024\" src=\"https:\/\/fmr.arteiasi.ro\/wp-content\/uploads\/2025\/10\/calendar.1-1080x810-raport-4.3-768x1024.jpg\" alt=\"\" class=\"wp-image-1300\" srcset=\"https:\/\/fmr.arteiasi.ro\/wp-content\/uploads\/2025\/10\/calendar.1-1080x810-raport-4.3-768x1024.jpg 768w, https:\/\/fmr.arteiasi.ro\/wp-content\/uploads\/2025\/10\/calendar.1-1080x810-raport-4.3-225x300.jpg 225w, https:\/\/fmr.arteiasi.ro\/wp-content\/uploads\/2025\/10\/calendar.1-1080x810-raport-4.3.jpg 810w\" sizes=\"auto, (max-width: 768px) 100vw, 768px\" \/><\/a><\/figure>\n\n\n\n<figure class=\"wp-block-image size-large\"><a href=\"https:\/\/fmr.arteiasi.ro\/wp-content\/uploads\/2025\/10\/calendar.2-1080x810-raport-4.3.jpg\"><img loading=\"lazy\" decoding=\"async\" width=\"768\" height=\"1024\" src=\"https:\/\/fmr.arteiasi.ro\/wp-content\/uploads\/2025\/10\/calendar.2-1080x810-raport-4.3-768x1024.jpg\" alt=\"\" class=\"wp-image-1301\" srcset=\"https:\/\/fmr.arteiasi.ro\/wp-content\/uploads\/2025\/10\/calendar.2-1080x810-raport-4.3-768x1024.jpg 768w, https:\/\/fmr.arteiasi.ro\/wp-content\/uploads\/2025\/10\/calendar.2-1080x810-raport-4.3-225x300.jpg 225w, https:\/\/fmr.arteiasi.ro\/wp-content\/uploads\/2025\/10\/calendar.2-1080x810-raport-4.3.jpg 810w\" sizes=\"auto, (max-width: 768px) 100vw, 768px\" \/><\/a><\/figure>\n","protected":false},"excerpt":{"rendered":"<p>\u00cen perioada 13-17 octombrie 2025 se desf\u0103\u0219oar\u0103 la Ia\u0219i Festivalul Muzicii Rom\u00e2ne\u0219ti, edi\u021bia cu num\u0103rul XXVII, organizat de Filarmonica de Stat \u201eMoldova\u201d Ia\u0219i, \u00een parteneriat cu Universitatea Na\u021bional\u0103 de Arte \u201eGeorge Enescu\u201d \u0219i Uniunea Compozitorilor \u0219i Muzicologilor din Rom\u00e2nia. Festivalul Muzicii Rom\u00e2ne\u0219ti a devenit \u00eentr-o jum\u0103tate de secol un eveniment emblematic pentru lumea muzical\u0103 rom\u00e2neasc\u0103, [&hellip;]<\/p>\n","protected":false},"author":1,"featured_media":0,"parent":0,"menu_order":4,"comment_status":"closed","ping_status":"open","template":"","meta":{"footnotes":""},"class_list":["post-9","page","type-page","status-publish","hentry"],"_links":{"self":[{"href":"https:\/\/fmr.arteiasi.ro\/index.php?rest_route=\/wp\/v2\/pages\/9","targetHints":{"allow":["GET"]}}],"collection":[{"href":"https:\/\/fmr.arteiasi.ro\/index.php?rest_route=\/wp\/v2\/pages"}],"about":[{"href":"https:\/\/fmr.arteiasi.ro\/index.php?rest_route=\/wp\/v2\/types\/page"}],"author":[{"embeddable":true,"href":"https:\/\/fmr.arteiasi.ro\/index.php?rest_route=\/wp\/v2\/users\/1"}],"replies":[{"embeddable":true,"href":"https:\/\/fmr.arteiasi.ro\/index.php?rest_route=%2Fwp%2Fv2%2Fcomments&post=9"}],"version-history":[{"count":55,"href":"https:\/\/fmr.arteiasi.ro\/index.php?rest_route=\/wp\/v2\/pages\/9\/revisions"}],"predecessor-version":[{"id":1462,"href":"https:\/\/fmr.arteiasi.ro\/index.php?rest_route=\/wp\/v2\/pages\/9\/revisions\/1462"}],"wp:attachment":[{"href":"https:\/\/fmr.arteiasi.ro\/index.php?rest_route=%2Fwp%2Fv2%2Fmedia&parent=9"}],"curies":[{"name":"wp","href":"https:\/\/api.w.org\/{rel}","templated":true}]}}