{"id":1154,"date":"2024-09-28T03:28:04","date_gmt":"2024-09-28T00:28:04","guid":{"rendered":"https:\/\/fmr.arteiasi.ro\/?page_id=1154"},"modified":"2024-10-12T15:45:30","modified_gmt":"2024-10-12T12:45:30","slug":"sambata-19-octombrie-ora-19","status":"publish","type":"page","link":"https:\/\/fmr.arteiasi.ro\/?page_id=1154","title":{"rendered":"S\u00e2mb\u0103t\u0103, 19 octombrie, ora 19"},"content":{"rendered":"\n<figure class=\"wp-block-image size-large\"><a href=\"https:\/\/fmr.arteiasi.ro\/wp-content\/uploads\/2024\/10\/19.10_ora-19.00_print.jpg-scaled.jpg\"><img loading=\"lazy\" decoding=\"async\" width=\"724\" height=\"1024\" src=\"https:\/\/fmr.arteiasi.ro\/wp-content\/uploads\/2024\/10\/19.10_ora-19.00_print.jpg-724x1024.jpg\" alt=\"\" class=\"wp-image-1245\" srcset=\"https:\/\/fmr.arteiasi.ro\/wp-content\/uploads\/2024\/10\/19.10_ora-19.00_print.jpg-724x1024.jpg 724w, https:\/\/fmr.arteiasi.ro\/wp-content\/uploads\/2024\/10\/19.10_ora-19.00_print.jpg-212x300.jpg 212w, https:\/\/fmr.arteiasi.ro\/wp-content\/uploads\/2024\/10\/19.10_ora-19.00_print.jpg-768x1086.jpg 768w, https:\/\/fmr.arteiasi.ro\/wp-content\/uploads\/2024\/10\/19.10_ora-19.00_print.jpg-1086x1536.jpg 1086w, https:\/\/fmr.arteiasi.ro\/wp-content\/uploads\/2024\/10\/19.10_ora-19.00_print.jpg-1448x2048.jpg 1448w, https:\/\/fmr.arteiasi.ro\/wp-content\/uploads\/2024\/10\/19.10_ora-19.00_print.jpg-scaled.jpg 1810w\" sizes=\"auto, (max-width: 724px) 100vw, 724px\" \/><\/a><\/figure>\n\n\n\n<p>S\u00e2mb\u0103t\u0103, 19 octombrie, ora 19.00<\/p>\n\n\n\n<p>Sala \u201eEduard Caudella\u201d, Casa Bal\u0219<\/p>\n\n\n\n<p><strong><em>Caleidoscop componistic<\/em><\/strong><\/p>\n\n\n\n<p>CONCERT CAMERAL<\/p>\n\n\n\n<p><strong><em>TimbrIS<\/em><\/strong><\/p>\n\n\n\n<p><strong><em>Ansamblul de Muzic\u0103 Contemporan\u0103 al UNAGE<\/em><\/strong><\/p>\n\n\n\n<p>TImbri<\/p>\n\n\n\n<p>Conf. univ. dr. <strong>ANDREI ENOIU<\/strong>, pian<\/p>\n\n\n\n<p>Lect. univ. dr. <strong>ANDREEA CUCU-BURDA<\/strong>, oboi<\/p>\n\n\n\n<p>Asist. univ. dr. <strong>BOGDAN ONOFREI<\/strong>, vioar\u0103<\/p>\n\n\n\n<p>Lect. univ. dr. <strong>DORU COST\u0102CHESCU, <\/strong>viol\u0103<strong><\/strong><\/p>\n\n\n\n<p>Asist. univ. drd. <strong>ZAHARIA HOJBOT\u0102<\/strong>, clarinet<\/p>\n\n\n\n<p>Drd. <strong>CARLA-MARIA ANTONESEI<\/strong>, flaut<\/p>\n\n\n\n<p>Drd. <strong>IULIAN FODOR<\/strong>, percu\u021bie<\/p>\n\n\n\n<p>Stud. <strong>REBECA GHERC\u0102<\/strong>, violoncel<\/p>\n\n\n\n<p>Eveniment prefa\u021bat de: muzicolog drd. <strong>OANA DIANA ZAMFIR<\/strong><strong><\/strong><\/p>\n\n\n\n<p>Program:<\/p>\n\n\n\n<p><strong>Bogdan Chiro\u0219c\u0103<\/strong> \u2013 <em>Sonatina pentru pian<\/em><\/p>\n\n\n\n<p><strong>Izabela Vieriu<\/strong> \u2013 <em>Cvintet<\/em> pentru oboi, vioar\u0103, viol\u0103, violoncel \u0219i pian<\/p>\n\n\n\n<p><strong>Ciprian Ion<\/strong> \u2013 <em>Pseudo-romantic op. 21 nr. 2<\/em> (flaut, clarinet, vioar\u0103 \u0219i pian)<\/p>\n\n\n\n<p><strong>Izabela Vieriu<\/strong> \u2013 <em>Inflorescence <\/em>pentru flaut, clarinet,&nbsp;&nbsp; vioar\u0103 \u0219i pian<\/p>\n\n\n\n<p><strong>Paul Pintilie<\/strong> \u2013 <em>Loco Barocco<\/em> pentru sextet (flaut, oboi, clarinet, pian, vioar\u0103, violoncel)<\/p>\n\n\n\n<p><strong>Alin Chel\u0103rescu<\/strong> \u2013 <em>Stillmania <\/em>pentru cvartet (flaut, clarinet, vioar\u0103 \u0219i pian)<\/p>\n","protected":false},"excerpt":{"rendered":"<p>S\u00e2mb\u0103t\u0103, 19 octombrie, ora 19.00 Sala \u201eEduard Caudella\u201d, Casa Bal\u0219 Caleidoscop componistic CONCERT CAMERAL TimbrIS Ansamblul de Muzic\u0103 Contemporan\u0103 al UNAGE TImbri Conf. univ. dr. ANDREI ENOIU, pian Lect. univ. dr. ANDREEA CUCU-BURDA, oboi Asist. univ. dr. BOGDAN ONOFREI, vioar\u0103 Lect. univ. dr. DORU COST\u0102CHESCU, viol\u0103 Asist. univ. drd. ZAHARIA HOJBOT\u0102, clarinet Drd. CARLA-MARIA ANTONESEI, [&hellip;]<\/p>\n","protected":false},"author":3,"featured_media":0,"parent":0,"menu_order":0,"comment_status":"closed","ping_status":"closed","template":"","meta":{"footnotes":""},"class_list":["post-1154","page","type-page","status-publish","hentry"],"_links":{"self":[{"href":"https:\/\/fmr.arteiasi.ro\/index.php?rest_route=\/wp\/v2\/pages\/1154","targetHints":{"allow":["GET"]}}],"collection":[{"href":"https:\/\/fmr.arteiasi.ro\/index.php?rest_route=\/wp\/v2\/pages"}],"about":[{"href":"https:\/\/fmr.arteiasi.ro\/index.php?rest_route=\/wp\/v2\/types\/page"}],"author":[{"embeddable":true,"href":"https:\/\/fmr.arteiasi.ro\/index.php?rest_route=\/wp\/v2\/users\/3"}],"replies":[{"embeddable":true,"href":"https:\/\/fmr.arteiasi.ro\/index.php?rest_route=%2Fwp%2Fv2%2Fcomments&post=1154"}],"version-history":[{"count":2,"href":"https:\/\/fmr.arteiasi.ro\/index.php?rest_route=\/wp\/v2\/pages\/1154\/revisions"}],"predecessor-version":[{"id":1246,"href":"https:\/\/fmr.arteiasi.ro\/index.php?rest_route=\/wp\/v2\/pages\/1154\/revisions\/1246"}],"wp:attachment":[{"href":"https:\/\/fmr.arteiasi.ro\/index.php?rest_route=%2Fwp%2Fv2%2Fmedia&parent=1154"}],"curies":[{"name":"wp","href":"https:\/\/api.w.org\/{rel}","templated":true}]}}