{"id":1132,"date":"2024-09-28T03:22:18","date_gmt":"2024-09-28T00:22:18","guid":{"rendered":"https:\/\/fmr.arteiasi.ro\/?page_id=1132"},"modified":"2024-10-12T15:38:46","modified_gmt":"2024-10-12T12:38:46","slug":"vineri-18-octombrie-ora-11","status":"publish","type":"page","link":"https:\/\/fmr.arteiasi.ro\/?page_id=1132","title":{"rendered":"Vineri, 18 octombrie, ora 11"},"content":{"rendered":"\n<figure class=\"wp-block-image size-large\"><a href=\"https:\/\/fmr.arteiasi.ro\/wp-content\/uploads\/2024\/10\/18.10_ora-11.00_print.png\"><img loading=\"lazy\" decoding=\"async\" width=\"724\" height=\"1024\" src=\"https:\/\/fmr.arteiasi.ro\/wp-content\/uploads\/2024\/10\/18.10_ora-11.00_print-724x1024.png\" alt=\"\" class=\"wp-image-1237\" srcset=\"https:\/\/fmr.arteiasi.ro\/wp-content\/uploads\/2024\/10\/18.10_ora-11.00_print-724x1024.png 724w, https:\/\/fmr.arteiasi.ro\/wp-content\/uploads\/2024\/10\/18.10_ora-11.00_print-212x300.png 212w, https:\/\/fmr.arteiasi.ro\/wp-content\/uploads\/2024\/10\/18.10_ora-11.00_print-768x1086.png 768w, https:\/\/fmr.arteiasi.ro\/wp-content\/uploads\/2024\/10\/18.10_ora-11.00_print-1087x1536.png 1087w, https:\/\/fmr.arteiasi.ro\/wp-content\/uploads\/2024\/10\/18.10_ora-11.00_print.png 1190w\" sizes=\"auto, (max-width: 724px) 100vw, 724px\" \/><\/a><\/figure>\n\n\n\n<p>Vineri, 18 octombrie, ora 11.00<\/p>\n\n\n\n<p>Sala \u201eEduard Caudella\u201d, Casa Bal\u0219<\/p>\n\n\n\n<p><strong><em>Contraste camerale<\/em><\/strong><\/p>\n\n\n\n<p>RECITAL INSTRUMENTAL<\/p>\n\n\n\n<p>Program:<\/p>\n\n\n\n<p><strong>Dinu Lipatti <\/strong>\u2013<em>Nocturna \u00een fa diez minor<\/em> op. 6<\/p>\n\n\n\n<p>&nbsp;&nbsp;&nbsp;&nbsp;&nbsp;&nbsp;&nbsp;&nbsp;&nbsp;&nbsp;&nbsp;&nbsp;&nbsp;&nbsp;&nbsp;&nbsp;&nbsp;&nbsp;&nbsp;&nbsp;&nbsp;&nbsp;&nbsp;&nbsp;&nbsp;&nbsp;&nbsp; \u2013 <em>Nocturna pe o tem\u0103 moldoveneasc\u0103<\/em> \u00een la minor<\/p>\n\n\n\n<p><strong>BR\u00ceNDU\u0218A TUDOR<\/strong><strong>, pian<\/strong><strong><\/strong><\/p>\n\n\n\n<p><strong>Constantin Silvestri \u2013 <em>Sonata nr. 4 <\/em>pentru pian<em> (Rapsodia in 3 episodi) <\/em>op. 28 nr. 1, p\u0103r\u021bile II-III<\/strong><\/p>\n\n\n\n<p><strong>IONELA BUTU<\/strong>, pian<\/p>\n\n\n\n<p><strong>B\u00e9la Bart\u00f3k <\/strong>\u2013 <em>\u0218ase dansuri rom\u00e2ne\u0219ti<\/em> pentru vioar\u0103 \u0219i pian<\/p>\n\n\n\n<p><strong>Paul Constantinescu<\/strong> \u2013 <em>Sonatina <\/em>pentru vioar\u0103 \u0219i pian<\/p>\n\n\n\n<p><strong>Mircea Chiriac <\/strong><em>\u2013 Serenada pentru vioar\u0103 \u0219i pian<\/em><\/p>\n\n\n\n<p><strong>RALUCA DOBRE<\/strong>, vioar\u0103<\/p>\n\n\n\n<p><strong>EDIT ARVA<\/strong>, pian<\/p>\n\n\n\n<p>Eveniment prefa\u021bat de: muzicolog dr. <strong>LIGIA F\u0102RC\u0102\u0218EL<\/strong> (cercet\u0103tor \u00een cadrul ICMA-UNAGE)<\/p>\n","protected":false},"excerpt":{"rendered":"<p>Vineri, 18 octombrie, ora 11.00 Sala \u201eEduard Caudella\u201d, Casa Bal\u0219 Contraste camerale RECITAL INSTRUMENTAL Program: Dinu Lipatti \u2013Nocturna \u00een fa diez minor op. 6 &nbsp;&nbsp;&nbsp;&nbsp;&nbsp;&nbsp;&nbsp;&nbsp;&nbsp;&nbsp;&nbsp;&nbsp;&nbsp;&nbsp;&nbsp;&nbsp;&nbsp;&nbsp;&nbsp;&nbsp;&nbsp;&nbsp;&nbsp;&nbsp;&nbsp;&nbsp;&nbsp; \u2013 Nocturna pe o tem\u0103 moldoveneasc\u0103 \u00een la minor BR\u00ceNDU\u0218A TUDOR, pian Constantin Silvestri \u2013 Sonata nr. 4 pentru pian (Rapsodia in 3 episodi) op. 28 nr. 1, p\u0103r\u021bile II-III [&hellip;]<\/p>\n","protected":false},"author":3,"featured_media":0,"parent":0,"menu_order":0,"comment_status":"closed","ping_status":"closed","template":"","meta":{"footnotes":""},"class_list":["post-1132","page","type-page","status-publish","hentry"],"_links":{"self":[{"href":"https:\/\/fmr.arteiasi.ro\/index.php?rest_route=\/wp\/v2\/pages\/1132","targetHints":{"allow":["GET"]}}],"collection":[{"href":"https:\/\/fmr.arteiasi.ro\/index.php?rest_route=\/wp\/v2\/pages"}],"about":[{"href":"https:\/\/fmr.arteiasi.ro\/index.php?rest_route=\/wp\/v2\/types\/page"}],"author":[{"embeddable":true,"href":"https:\/\/fmr.arteiasi.ro\/index.php?rest_route=\/wp\/v2\/users\/3"}],"replies":[{"embeddable":true,"href":"https:\/\/fmr.arteiasi.ro\/index.php?rest_route=%2Fwp%2Fv2%2Fcomments&post=1132"}],"version-history":[{"count":3,"href":"https:\/\/fmr.arteiasi.ro\/index.php?rest_route=\/wp\/v2\/pages\/1132\/revisions"}],"predecessor-version":[{"id":1239,"href":"https:\/\/fmr.arteiasi.ro\/index.php?rest_route=\/wp\/v2\/pages\/1132\/revisions\/1239"}],"wp:attachment":[{"href":"https:\/\/fmr.arteiasi.ro\/index.php?rest_route=%2Fwp%2Fv2%2Fmedia&parent=1132"}],"curies":[{"name":"wp","href":"https:\/\/api.w.org\/{rel}","templated":true}]}}